{"id":37,"date":"2016-03-09T08:21:40","date_gmt":"2016-03-09T08:21:40","guid":{"rendered":"http:\/\/hebammenpraxis-inntal.de\/?page_id=37"},"modified":"2016-03-09T08:21:40","modified_gmt":"2016-03-09T08:21:40","slug":"anfahrt","status":"publish","type":"page","link":"https:\/\/hebammenpraxis-inntal.de\/?page_id=37","title":{"rendered":"Anfahrt"},"content":{"rendered":"<p>Sie erreichen uns am schnellsten \u00fcber die Autobahn A93<\/p>\n<p>Ausfahrt Brannenburg, in Richtung Nu\u00dfdorf \u00fcber die Innbr\u00fccke, nach der Br\u00fccke gleich links abbiegen.<\/p>\n<div id=\"attachment_39\" style=\"width: 339px\" class=\"wp-caption alignright\"><img aria-describedby=\"caption-attachment-39\" loading=\"lazy\" class=\"wp-image-39\" src=\"http:\/\/hebammenpraxis-inntal.de\/wp-content\/uploads\/2016\/03\/Anfahrt-1-300x238.gif\" alt=\"Anfahrt\" width=\"329\" height=\"263\" \/><p id=\"caption-attachment-39\" class=\"wp-caption-text\">Anfahrtskarte Nu\u00dfdorf am Inn<\/p><\/div>\n<p><strong>Hebammenpraxis Inntal<\/strong><strong><br \/>\n<\/strong>Am Inn 10<br \/>\n83131 Nu\u00dfdorf<\/p>\n","protected":false},"excerpt":{"rendered":"<p>Sie erreichen uns am schnellsten \u00fcber die Autobahn A93 Ausfahrt Brannenburg, in Richtung Nu\u00dfdorf \u00fcber die Innbr\u00fccke, nach der Br\u00fccke gleich links abbiegen. Hebammenpraxis Inntal Am Inn 10 83131 Nu\u00dfdorf<\/p>\n","protected":false},"author":1,"featured_media":0,"parent":0,"menu_order":0,"comment_status":"closed","ping_status":"closed","template":"","meta":[],"_links":{"self":[{"href":"https:\/\/hebammenpraxis-inntal.de\/index.php?rest_route=\/wp\/v2\/pages\/37"}],"collection":[{"href":"https:\/\/hebammenpraxis-inntal.de\/index.php?rest_route=\/wp\/v2\/pages"}],"about":[{"href":"https:\/\/hebammenpraxis-inntal.de\/index.php?rest_route=\/wp\/v2\/types\/page"}],"author":[{"embeddable":true,"href":"https:\/\/hebammenpraxis-inntal.de\/index.php?rest_route=\/wp\/v2\/users\/1"}],"replies":[{"embeddable":true,"href":"https:\/\/hebammenpraxis-inntal.de\/index.php?rest_route=%2Fwp%2Fv2%2Fcomments&post=37"}],"version-history":[{"count":1,"href":"https:\/\/hebammenpraxis-inntal.de\/index.php?rest_route=\/wp\/v2\/pages\/37\/revisions"}],"predecessor-version":[{"id":40,"href":"https:\/\/hebammenpraxis-inntal.de\/index.php?rest_route=\/wp\/v2\/pages\/37\/revisions\/40"}],"wp:attachment":[{"href":"https:\/\/hebammenpraxis-inntal.de\/index.php?rest_route=%2Fwp%2Fv2%2Fmedia&parent=37"}],"curies":[{"name":"wp","href":"https:\/\/api.w.org\/{rel}","templated":true}]}}