{"id":2,"date":"2016-02-03T04:08:41","date_gmt":"2016-02-03T04:08:41","guid":{"rendered":"http:\/\/wp442m.a10-52-158-154.qa.plesk.ru\/wordpress\/?page_id=2"},"modified":"2025-05-29T17:03:08","modified_gmt":"2025-05-29T17:03:08","slug":"sample-page","status":"publish","type":"page","link":"https:\/\/hebammenpraxis-inntal.de\/","title":{"rendered":"Die Praxis"},"content":{"rendered":"\n<p class=\"has-text-align-center has-text-color\" style=\"color:#a3002d\"><strong>R\u00fcckbildung 27. Juni 2025 &#8211; 1. August 2025<\/strong><\/p>\n\n\n\n<p class=\"has-text-align-center\"><strong>Freitag\/Mittwoch 16:30 Uhr -18 Uhr<\/strong><\/p>\n\n\n\n<p class=\"has-text-align-center\"><strong>Der Kurs findet 5 x Freitags und 2 x Mittwochs statt.  <\/strong><\/p>\n\n\n\n<p class=\"has-text-align-center\">Anmeldung bei Elisabeth Steer 08034 76 07<\/p>\n\n\n\n<p><\/p>\n\n\n\n<p><\/p>\n\n\n<div id=\"attachment_33\" style=\"width: 310px\" class=\"wp-caption alignright\"><img aria-describedby=\"caption-attachment-33\" loading=\"lazy\" class=\"wp-image-33 size-medium\" src=\"http:\/\/hebammenpraxis-inntal.de\/wp-content\/uploads\/2016\/02\/Praxis-300x249.jpg\" alt=\"Praxis\" width=\"300\" height=\"249\" srcset=\"https:\/\/hebammenpraxis-inntal.de\/wp-content\/uploads\/2016\/02\/Praxis-300x249.jpg 300w, https:\/\/hebammenpraxis-inntal.de\/wp-content\/uploads\/2016\/02\/Praxis-768x636.jpg 768w, https:\/\/hebammenpraxis-inntal.de\/wp-content\/uploads\/2016\/02\/Praxis-362x300.jpg 362w, https:\/\/hebammenpraxis-inntal.de\/wp-content\/uploads\/2016\/02\/Praxis.jpg 893w\" sizes=\"(max-width: 300px) 100vw, 300px\" \/><p id=\"caption-attachment-33\" class=\"wp-caption-text\">Die Praxisr\u00e4ume bieten behagliche Atmosph\u00e4re<\/p><\/div>\n<p>Unsere Praxis bietet Ihnen unabh\u00e4ngig vom Geburtsort eine ganzheitliche und individuelle Betreuung, sowie ein ausgewogenes Kursangebot an.<\/p>\n<p>Wir stehen Ihnen mit fachlichem Rat und Tat zur Seite.<\/p>\n<p>Unsere aktuellen Kurs- und Veranstaltungstermine erfahren Sie bei uns Hebammen, oder auf dieser Seite unter: <a href=\"http:\/\/hebammenpraxis-inntal.de\/?page_id=22\">Kursangebot<\/a><br>Abgesehen von unserem aktuellen Kursangebot bieten wir Ihnen:<\/p>\n<h1>Hebammenberatung<\/h1>\n<p>Bereits von Beginn der Schwangerschaft an unterst\u00fctzen wir Sie gerne im pers\u00f6nlichen Gespr\u00e4ch zu Fragen wie Ern\u00e4hrung, Medikamente, Hilfeleistungen bei Beschwerden usw.<br>So k\u00f6nnen Sie gut informiert Ihre Entscheidungen in vielerlei Hinsicht treffen, die Ihnen zu einem guten Start mit Ihrem Kind verhelfen.<\/p>\n<h1 style=\"text-align: right;\">Schwangerenvorsorge<\/h1>\n<p style=\"text-align: right;\">Wir Hebammen f\u00fchren die erforderlichen Untersuchungen, sowie die notwendigen Blutabnahmen durch und dokumentieren diese im Mutterpass.<br>Sollten Sie Beschwerden im k\u00f6rperlichen Bereich haben, so bieten wir Hilfe in Zusammenarbeit mit Osteopathen, Heilpraktikern usw. an.<\/p>\n<h1 style=\"text-align: left;\">Hausgeburten<\/h1>\n<p style=\"text-align: left;\">Elisabeth Steer ber\u00e4t Sie gerne unverbindlich in einem pers\u00f6nlichen Gespr\u00e4ch \u00fcber die M\u00f6glichkeit, Ihr Kind daheim zur Welt zu bringen.<\/p>\n<h1 style=\"text-align: right;\">Wochenbettbesuche \/ Hausbesuche nach der Geburt<\/h1>\n<p style=\"text-align: right;\">Wir besuchen Mutter und Kind zu Hause, unabh\u00e4ngig vom Geburtsort und Dauer des Klinikaufenthaltes, bis zu 8 Wochen und dar\u00fcber hinaus.<br>Das Wochenbett ist eine intensive Zeit, sich langsam in vertrauter Umgebung kennenzulernen. Wir unterst\u00fctzen Sie mit Kompetenz und fachlichem Wissen, um in Ruhe und Geborgenheit die Bindung zu Ihrem Kind aufzubauen und zu festigen. Wir best\u00e4rken Ihre elterlichen F\u00e4higkeiten, um Ihre Sicherheit uns Selbstst\u00e4ndigkeit im Alltag wachsen zu lassen.<\/p>\n<p><\/p>","protected":false},"excerpt":{"rendered":"<p>R\u00fcckbildung 27. Juni 2025 &#8211; 1. August 2025 Freitag\/Mittwoch 16:30 Uhr -18 Uhr Der Kurs findet 5 x Freitags und 2 x Mittwochs statt. Anmeldung bei Elisabeth Steer 08034 76 07 Unsere Praxis bietet Ihnen unabh\u00e4ngig vom Geburtsort eine ganzheitliche &hellip; <a href=\"https:\/\/hebammenpraxis-inntal.de\/\">Weiterlesen <span class=\"meta-nav\">&rarr;<\/span><\/a><\/p>\n","protected":false},"author":1,"featured_media":0,"parent":0,"menu_order":0,"comment_status":"closed","ping_status":"open","template":"","meta":[],"_links":{"self":[{"href":"https:\/\/hebammenpraxis-inntal.de\/index.php?rest_route=\/wp\/v2\/pages\/2"}],"collection":[{"href":"https:\/\/hebammenpraxis-inntal.de\/index.php?rest_route=\/wp\/v2\/pages"}],"about":[{"href":"https:\/\/hebammenpraxis-inntal.de\/index.php?rest_route=\/wp\/v2\/types\/page"}],"author":[{"embeddable":true,"href":"https:\/\/hebammenpraxis-inntal.de\/index.php?rest_route=\/wp\/v2\/users\/1"}],"replies":[{"embeddable":true,"href":"https:\/\/hebammenpraxis-inntal.de\/index.php?rest_route=%2Fwp%2Fv2%2Fcomments&post=2"}],"version-history":[{"count":60,"href":"https:\/\/hebammenpraxis-inntal.de\/index.php?rest_route=\/wp\/v2\/pages\/2\/revisions"}],"predecessor-version":[{"id":263,"href":"https:\/\/hebammenpraxis-inntal.de\/index.php?rest_route=\/wp\/v2\/pages\/2\/revisions\/263"}],"wp:attachment":[{"href":"https:\/\/hebammenpraxis-inntal.de\/index.php?rest_route=%2Fwp%2Fv2%2Fmedia&parent=2"}],"curies":[{"name":"wp","href":"https:\/\/api.w.org\/{rel}","templated":true}]}}